{"id":581,"date":"2021-03-13T05:04:23","date_gmt":"2021-03-13T05:04:23","guid":{"rendered":"https:\/\/www.sarikavakkoyu.com\/?page_id=581"},"modified":"2021-03-23T00:32:40","modified_gmt":"2021-03-23T00:32:40","slug":"v","status":"publish","type":"page","link":"https:\/\/sarikavakkoyu.com\/?page_id=581","title":{"rendered":"\u00a0 V\u00a0 HARF\u0130"},"content":{"rendered":"<ul>\n<li>VANGILDAMAK : Kafa \u015fi\u015firmek.<\/li>\n<li>VAR\u0130YET: Varl\u0131k, zenginlik.<\/li>\n<li>VA\u015e\u015e: \u00dcz\u00fclme,ac\u0131ma \u00fcnlemi.<\/li>\n<li>VELESP\u0130T: Bisiklet.<\/li>\n<li>VEREP-YAMA: Bay\u0131r, yoku\u015f, yama\u00e7.<\/li>\n<li>VESAY\u0130T:\u00a0 Ta\u015f\u0131t. Araba.<\/li>\n<li>VIZIRDIM OYNAMAK: Kayna\u015fmak, cirit atmak<\/li>\n<li>VITTIRI VIZZIK:De\u011fersiz,i\u015fe yaramaz.<!-- \/wp:paragraph --><\/li>\n<\/ul>\n<p><!-- wp:paragraph --><\/p>\n\n<!-- wp:paragraph -->\n<p><\/p>\n<!-- \/wp:paragraph -->","protected":false},"excerpt":{"rendered":"<p>VANGILDAMAK : Kafa \u015fi\u015firmek. VAR\u0130YET: Varl\u0131k, zenginlik. VA\u015e\u015e: \u00dcz\u00fclme,ac\u0131ma \u00fcnlemi. VELESP\u0130T: Bisiklet. VEREP-YAMA: Bay\u0131r, yoku\u015f, yama\u00e7. VESAY\u0130T:\u00a0 Ta\u015f\u0131t. Araba. VIZIRDIM OYNAMAK: Kayna\u015fmak, cirit atmak VITTIRI VIZZIK:De\u011fersiz,i\u015fe yaramaz.<\/p>\n","protected":false},"author":1,"featured_media":0,"parent":0,"menu_order":0,"comment_status":"closed","ping_status":"closed","template":"","meta":{"footnotes":""},"class_list":["post-581","page","type-page","status-publish","hentry"],"_links":{"self":[{"href":"https:\/\/sarikavakkoyu.com\/index.php?rest_route=\/wp\/v2\/pages\/581","targetHints":{"allow":["GET"]}}],"collection":[{"href":"https:\/\/sarikavakkoyu.com\/index.php?rest_route=\/wp\/v2\/pages"}],"about":[{"href":"https:\/\/sarikavakkoyu.com\/index.php?rest_route=\/wp\/v2\/types\/page"}],"author":[{"embeddable":true,"href":"https:\/\/sarikavakkoyu.com\/index.php?rest_route=\/wp\/v2\/users\/1"}],"replies":[{"embeddable":true,"href":"https:\/\/sarikavakkoyu.com\/index.php?rest_route=%2Fwp%2Fv2%2Fcomments&post=581"}],"version-history":[{"count":4,"href":"https:\/\/sarikavakkoyu.com\/index.php?rest_route=\/wp\/v2\/pages\/581\/revisions"}],"predecessor-version":[{"id":991,"href":"https:\/\/sarikavakkoyu.com\/index.php?rest_route=\/wp\/v2\/pages\/581\/revisions\/991"}],"wp:attachment":[{"href":"https:\/\/sarikavakkoyu.com\/index.php?rest_route=%2Fwp%2Fv2%2Fmedia&parent=581"}],"curies":[{"name":"wp","href":"https:\/\/api.w.org\/{rel}","templated":true}]}}