{"id":424,"date":"2021-03-08T02:42:12","date_gmt":"2021-03-08T02:42:12","guid":{"rendered":"https:\/\/www.sarikavakkoyu.com\/?page_id=424"},"modified":"2021-03-22T23:24:53","modified_gmt":"2021-03-22T23:24:53","slug":"l","status":"publish","type":"page","link":"https:\/\/sarikavakkoyu.com\/?page_id=424","title":{"rendered":"L HARF\u0130"},"content":{"rendered":"<ul>\n \t<li>L\u00c2LEK:\u00a0 Leylek.<!-- \/wp:paragraph --><!-- wp:paragraph --><\/li>\n \t<li>LALETDAY\u0130N: Geli\u015fig\u00fczel,s\u0131radan.<\/li>\n \t<li>L\u00c2LANMAK: Alay etmek, e\u011flenmek.<!-- \/wp:paragraph --><!-- wp:paragraph --><\/li>\n \t<li>LALLIRI- LALIH: Salak,b\u00f6n,dilsiz<!-- \/wp:paragraph --><!-- wp:paragraph --><\/li>\n \t<li>L\u0130NG\u0130R L\u0130NG\u0130R :Oturmam\u0131\u015f,sa\u011flam olmayan.<\/li>\n \t<li>LO\u011e: Damlar\u0131,d\u00fczelten ta\u015f silindir.<\/li>\n<\/ul>","protected":false},"excerpt":{"rendered":"<p>L\u00c2LEK:\u00a0 Leylek. LALETDAY\u0130N: Geli\u015fig\u00fczel,s\u0131radan. L\u00c2LANMAK: Alay etmek, e\u011flenmek. LALLIRI- LALIH: Salak,b\u00f6n,dilsiz L\u0130NG\u0130R L\u0130NG\u0130R :Oturmam\u0131\u015f,sa\u011flam olmayan. LO\u011e: Damlar\u0131,d\u00fczelten ta\u015f silindir.<\/p>\n","protected":false},"author":1,"featured_media":0,"parent":0,"menu_order":0,"comment_status":"closed","ping_status":"closed","template":"","meta":{"footnotes":""},"class_list":["post-424","page","type-page","status-publish","hentry"],"_links":{"self":[{"href":"https:\/\/sarikavakkoyu.com\/index.php?rest_route=\/wp\/v2\/pages\/424","targetHints":{"allow":["GET"]}}],"collection":[{"href":"https:\/\/sarikavakkoyu.com\/index.php?rest_route=\/wp\/v2\/pages"}],"about":[{"href":"https:\/\/sarikavakkoyu.com\/index.php?rest_route=\/wp\/v2\/types\/page"}],"author":[{"embeddable":true,"href":"https:\/\/sarikavakkoyu.com\/index.php?rest_route=\/wp\/v2\/users\/1"}],"replies":[{"embeddable":true,"href":"https:\/\/sarikavakkoyu.com\/index.php?rest_route=%2Fwp%2Fv2%2Fcomments&post=424"}],"version-history":[{"count":3,"href":"https:\/\/sarikavakkoyu.com\/index.php?rest_route=\/wp\/v2\/pages\/424\/revisions"}],"predecessor-version":[{"id":855,"href":"https:\/\/sarikavakkoyu.com\/index.php?rest_route=\/wp\/v2\/pages\/424\/revisions\/855"}],"wp:attachment":[{"href":"https:\/\/sarikavakkoyu.com\/index.php?rest_route=%2Fwp%2Fv2%2Fmedia&parent=424"}],"curies":[{"name":"wp","href":"https:\/\/api.w.org\/{rel}","templated":true}]}}