{"id":369,"date":"2021-03-03T03:45:28","date_gmt":"2021-03-03T03:45:28","guid":{"rendered":"https:\/\/www.sarikavakkoyu.com\/?page_id=369"},"modified":"2021-03-22T23:04:17","modified_gmt":"2021-03-22T23:04:17","slug":"d-harfi","status":"publish","type":"page","link":"https:\/\/sarikavakkoyu.com\/?page_id=369","title":{"rendered":"D HARFI"},"content":{"rendered":"<ul>\n \t<li>DA\u011eLAMAK: K\u0131zg\u0131n demirle yap\u0131lan damga.<!-- \/wp:paragraph --><!-- wp:paragraph --><\/li>\n \t<li>DA\u011eN VAKT\u0130: G\u00fcne\u015fin do\u011fu\u015f zaman\u0131<!-- \/wp:paragraph --><!-- wp:paragraph --><\/li>\n \t<li>DAKANAK: Bor\u00e7.<!-- \/wp:paragraph --><!-- wp:paragraph --><\/li>\n \t<li>DAKLA\u015eMAK: Sata\u015fmak, tak\u0131lmak.<!-- \/wp:paragraph --><!-- wp:paragraph --><\/li>\n \t<li>DAL: 1.Omuz.2.Kitap ve defter yapra\u011f\u0131.<!-- \/wp:paragraph --><!-- wp:paragraph --><\/li>\n \t<li>DAL \u00d6\u011eLEN: Tam \u00f6\u011fle vakti.<!-- \/wp:paragraph --><!-- wp:paragraph --><\/li>\n \t<li>DAM : Cezaevi<!-- \/wp:paragraph --><!-- wp:paragraph --><\/li>\n \t<li>DAMBA\u015eI: Toprak dam, tavan<!-- \/wp:paragraph --><!-- wp:paragraph --><\/li>\n \t<li>DAR VAAT-DAR VAKIT\u00a0 :\u00a0 Ak\u015fam olurken<!-- \/wp:paragraph --><!-- wp:paragraph --><\/li>\n \t<li>DAVAR :1. Koyun ve ke\u00e7iye verilen ortak<!-- \/wp:paragraph --><!-- wp:paragraph --><\/li>\n \t<li>DEB\u0130LD\u00dc\u015e: Pattadak,\u00f6n\u00fcne bakmadan<!-- \/wp:paragraph --><!-- wp:paragraph --><\/li>\n \t<li>DELECE :Sap saman arabas\u0131.<!-- \/wp:paragraph --><!-- wp:paragraph --><\/li>\n \t<li>DEMR\u00c2-DERM\u00c2 :\u00a0 Temriye, egzema<!-- \/wp:paragraph --><!-- wp:paragraph --><\/li>\n \t<li>DENELEMEK: Hayvanlar\u0131n\u00a0 fazla yemesi<!-- \/wp:paragraph --><!-- wp:paragraph --><\/li>\n \t<li>DEP\u0130K-DEKM\u0130K: Tekme<!-- \/wp:paragraph --><!-- wp:paragraph --><\/li>\n \t<li>DESTE: Bi\u00e7ilip bir yere konmu\u015f arpa bu\u011fday demeti.<!-- \/wp:paragraph --><!-- wp:paragraph --><\/li>\n \t<li>D\u00d6\u015e\u00dcR\u00dcC\u00dc: Dilenci.<!-- \/wp:paragraph --><!-- wp:paragraph --><\/li>\n \t<li>DEVE DABANI: Yerelmas\u0131na benzer bitki .<!-- \/wp:paragraph --><!-- wp:paragraph --><\/li>\n \t<li>DEVRE: Tersy\u00fcz,arka,yanl\u0131\u015f<!-- \/wp:paragraph --><!-- wp:paragraph --><\/li>\n \t<li>DI\u011eDI\u011eININ DIGDISI: \u00c7ok uzaktan akraba.<!-- \/wp:paragraph --><!-- wp:paragraph --><\/li>\n \t<li>DIRGEN: Saplar\u0131n aktar\u0131lmas\u0131nda kullan\u0131lan gere\u00e7<!-- \/wp:paragraph --><!-- wp:paragraph --><\/li>\n \t<li>D\u0130NELMEK Ayakta durmak.<!-- \/wp:paragraph --><!-- wp:paragraph --><\/li>\n \t<li>D\u0130L\u0130K:Y\u0131rt\u0131k,yar\u0131k.<!-- \/wp:paragraph --><!-- wp:paragraph --><\/li>\n \t<li>D\u0130RGEN: Ucu \u00e7atal harman ayg\u0131t\u0131<!-- \/wp:paragraph --><!-- wp:paragraph --><\/li>\n \t<li>D\u0130RL\u0130KS\u0130Z: Ge\u00e7imsiz,huysuz.<!-- \/wp:paragraph --><!-- wp:paragraph --><\/li>\n \t<li>D\u0130TMEK:K\u00fc\u00e7\u00fck par\u00e7alara ay\u0131rmak.<!-- \/wp:paragraph --><!-- wp:paragraph --><\/li>\n \t<li>D\u0130Y\u0130R-D\u0130Y\u0130R : P\u00fcr\u00fczl\u00fc, di\u015f di\u015f, p\u00fct\u00fcrl\u00fc<!-- \/wp:paragraph --><!-- wp:paragraph --><\/li>\n \t<li>D\u0130Z\u0130KMEK-DIZIKMAK: Diz \u00e7\u00f6kmek.<!-- \/wp:paragraph --><!-- wp:paragraph --><\/li>\n \t<li>DOMALAN : Bir \u00e7e\u015fit mantar<!-- \/wp:paragraph --><!-- wp:paragraph --><\/li>\n \t<li>DON KAZANI-ASBAP KAZANI: \u00c7ama\u015f\u0131r kazan\u0131.<!-- \/wp:paragraph --><!-- wp:paragraph --><\/li>\n \t<li>DOLUKMAK: A\u011flamakl\u0131 olmak.\u0130\u015ftah\u0131 ka\u00e7mak.<!-- \/wp:paragraph --><!-- wp:paragraph --><\/li>\n \t<li>DONANMAK:Giyinip ku\u015fanmak,s\u00fcslenmek.<!-- \/wp:paragraph --><!-- wp:paragraph --><\/li>\n \t<li>DONYA\u011eI: \u0130\u00e7 ya\u011f\u0131,hayvani ya\u011f<!-- \/wp:paragraph --><!-- wp:paragraph --><\/li>\n \t<li>DONUKMAK: Durgunla\u015fmak.<!-- \/wp:paragraph --><!-- wp:paragraph --><\/li>\n \t<li>D\u00d6NGEL: Mu\u015fmula<!-- \/wp:paragraph --><!-- wp:paragraph --><\/li>\n \t<li>D\u00d6\u015e : Ba\u011f\u0131r,G\u00f6\u011f\u00fcs.<!-- \/wp:paragraph --><!-- wp:paragraph --><\/li>\n \t<li>DULDA: Kuytu,korunakl\u0131.<!-- \/wp:paragraph --><!-- wp:paragraph --><\/li>\n \t<li>DULU\u011eUNU D\u00dc\u015e\u00dcRMEK: Surat etmek<!-- \/wp:paragraph --><!-- wp:paragraph --><\/li>\n \t<li>DULUK: \u015eakak,avurt,favori.<!-- \/wp:paragraph --><!-- wp:paragraph --><\/li>\n \t<li>DUTMA\u00c7 A\u015eI: Yo\u011furtlu \u00e7orba<!-- \/wp:paragraph --><!-- wp:paragraph --><\/li>\n \t<li>DUTU-TUTALGA:1.Sara.2.\u00d6fke,sinir,hiddet.<!-- \/wp:paragraph --><!-- wp:paragraph --><\/li>\n \t<li>D\u00dc\u011eLEMEK: Ba\u011flamak, d\u00fc\u011f\u00fcmlemek.<!-- \/wp:paragraph --><!-- wp:paragraph --><\/li>\n \t<li>D\u00dc\u011e\u00dcR:\u00a0 \u0130nce bulgur.<\/li>\n<\/ul>","protected":false},"excerpt":{"rendered":"<p>DA\u011eLAMAK: K\u0131zg\u0131n demirle yap\u0131lan damga. DA\u011eN VAKT\u0130: G\u00fcne\u015fin do\u011fu\u015f zaman\u0131 DAKANAK: Bor\u00e7. DAKLA\u015eMAK: Sata\u015fmak, tak\u0131lmak. DAL: 1.Omuz.2.Kitap ve defter yapra\u011f\u0131. DAL \u00d6\u011eLEN: Tam \u00f6\u011fle vakti. DAM : Cezaevi DAMBA\u015eI: Toprak dam, tavan DAR VAAT-DAR VAKIT\u00a0 :\u00a0 Ak\u015fam olurken DAVAR :1. Koyun ve ke\u00e7iye verilen ortak DEB\u0130LD\u00dc\u015e: Pattadak,\u00f6n\u00fcne bakmadan DELECE :Sap saman arabas\u0131. DEMR\u00c2-DERM\u00c2 :\u00a0 Temriye, <a class=\"read-more\" href=\"https:\/\/sarikavakkoyu.com\/?page_id=369\">Read More<\/a><\/p>\n","protected":false},"author":1,"featured_media":0,"parent":0,"menu_order":0,"comment_status":"closed","ping_status":"closed","template":"","meta":{"footnotes":""},"class_list":["post-369","page","type-page","status-publish","hentry"],"_links":{"self":[{"href":"https:\/\/sarikavakkoyu.com\/index.php?rest_route=\/wp\/v2\/pages\/369","targetHints":{"allow":["GET"]}}],"collection":[{"href":"https:\/\/sarikavakkoyu.com\/index.php?rest_route=\/wp\/v2\/pages"}],"about":[{"href":"https:\/\/sarikavakkoyu.com\/index.php?rest_route=\/wp\/v2\/types\/page"}],"author":[{"embeddable":true,"href":"https:\/\/sarikavakkoyu.com\/index.php?rest_route=\/wp\/v2\/users\/1"}],"replies":[{"embeddable":true,"href":"https:\/\/sarikavakkoyu.com\/index.php?rest_route=%2Fwp%2Fv2%2Fcomments&post=369"}],"version-history":[{"count":2,"href":"https:\/\/sarikavakkoyu.com\/index.php?rest_route=\/wp\/v2\/pages\/369\/revisions"}],"predecessor-version":[{"id":840,"href":"https:\/\/sarikavakkoyu.com\/index.php?rest_route=\/wp\/v2\/pages\/369\/revisions\/840"}],"wp:attachment":[{"href":"https:\/\/sarikavakkoyu.com\/index.php?rest_route=%2Fwp%2Fv2%2Fmedia&parent=369"}],"curies":[{"name":"wp","href":"https:\/\/api.w.org\/{rel}","templated":true}]}}