{"id":334,"date":"2021-03-02T05:17:07","date_gmt":"2021-03-02T05:17:07","guid":{"rendered":"https:\/\/www.sarikavakkoyu.com\/?page_id=334"},"modified":"2021-03-22T22:59:21","modified_gmt":"2021-03-22T22:59:21","slug":"c-harfi","status":"publish","type":"page","link":"https:\/\/sarikavakkoyu.com\/?page_id=334","title":{"rendered":"C Harfi"},"content":{"rendered":"<ul>\n<li>CALPALANMAK : \u00c7alkalanmak<\/li>\n<li>CAMI\u015e CAMIZ:Dombay<\/li>\n<li>CAMP\u0130L: Ampul.<\/li>\n<li>CANAFAR: Kurt.<\/li>\n<li>CARCUR-CIRCIR :.Fermuar.<\/li>\n<li>CARI: Canl\u0131,becerikli,eli \u00e7abuk<\/li>\n<li>CAZI:Surats\u0131z,ge\u00e7imsiz.Cad\u0131<\/li>\n<li>CED\u0130T:\u00a0 Yeni.<\/li>\n<li>CEHT:\u00a0\u00a0 Kararl\u0131 olma,azim.<\/li>\n<li>CELLEK: At\u0131lgan<\/li>\n<li>CEMEK: Saban temizleyen de\u011fnek<\/li>\n<li>CILBAK- CIBIL : Yoksul.Z\u00fc\u011f\u00fcrt.<\/li>\n<li>CICIHLI-CINGILLI: G\u00fczel.S\u00fcsl\u00fc.<\/li>\n<li>CIDA-BEZEK-DONAH: S\u00fcs.<\/li>\n<li>CILH-CILK: Bozulmu\u015f yumurta.<\/li>\n<li>CILBANMAK:\u00a0 Soyunmak.<\/li>\n<li>CILGISIZ: Terbiyesiz,<\/li>\n<li>CILLIMAK: Oyun bozanl\u0131k<\/li>\n<li>CIMCILIK-SURSUCUK: S\u0131r\u0131ls\u0131klam.<\/li>\n<li>CINCIK G\u0130B\u0130 : P\u0131r\u0131l p\u0131r\u0131l,tertemiz.<\/li>\n<li>CINGILLI-CICIKLI: S\u00fcsl\u00fc<\/li>\n<li>CINIBIZ-C\u0130N\u0130V\u0130Z:\u00c7elimsiz a\u00e7\u0131kkg\u00f6z \u00e7ocuk.<\/li>\n<li>CIRNAK-CINNAH :T\u0131rnak, pen\u00e7e.<\/li>\n<li>CIRCIR: 1.Fermuar.2.A\u011fustos b\u00f6ce\u011fi.<\/li>\n<li>CIZI: Dizi, \u00e7izgi ,kar\u0131k.<\/li>\n<li>CIZLA\u011eAN-G\u0130CAN : Is\u0131rgan otu.<\/li>\n<li>CIZLAK-P\u0130\u015e\u0130-YANI\u00c7: Sade g\u00f6zleme<\/li>\n<li>C\u0130BEK-C\u0130RB\u0130T: \u00c7apak<\/li>\n<li>C\u0130B\u0130LL\u0130YETS\u0130Z: S\u00fct\u00fc bozuk<\/li>\n<li>C\u0130BT\u0130RMEK: Bir vuru\u015fta kesmek.<\/li>\n<li>C\u0130C\u0130K-EMCEK:Gen\u00e7 k\u0131zlar\u0131n g\u00f6\u011f\u00fcsleri<\/li>\n<li>C\u0130C\u0130M: Nak\u0131\u015fl\u0131 kilim.<\/li>\n<li>C\u0130C\u0130NENE: B\u00fcy\u00fck anne.<\/li>\n<li>C\u0130COFLU:G\u00f6steri\u015fli, renkli, parlak.<\/li>\n<li>C\u0130MBEK: \u00c7ok esmer<\/li>\n<li>C\u0130MC\u0130K: \u00c7imdik, bir tutam.<\/li>\n<li>C\u0130NARABASI-VELESB\u0130T: Bisiklet<\/li>\n<li>C\u0130NGAN-ELEK\u00c7\u0130: \u00c7ingene.<\/li>\n<li>C\u0130NG\u0130L:Yo\u011furt konan sapl\u0131 k\u00fc\u00e7\u00fck bakra\u00e7.<\/li>\n<li>C\u0130N\u0130V\u0130Z: Ufak yap\u0131l\u0131 ve kurnaz.<\/li>\n<li>C\u0130NN\u0130: Herseye sinirlenen.<\/li>\n<li>C\u0130RPEDEN-\u00c7ALKAP:\u00a0 Hemen,an\u0131nda.<\/li>\n<li>C\u0130SEN C\u0130SEN: \u0130nce ince (ya\u011fmur)<\/li>\n<li>COFCOF-C\u00d6HMEL: G\u00f6steri\u015f. \u00c7al\u0131m<\/li>\n<li>CUKURDATMAK: \u0130stekle yutkunmak.<\/li>\n<li>CULUK: Hindi<\/li>\n<li>CUMBULDATMAK: \u00c7alkalamak<\/li>\n<li>CURGUT-GURRUK : F\u0131t\u0131kl\u0131<\/li>\n<li>C\u00dcC\u00dcK: Civciv.<\/li>\n<\/ul>\n","protected":false},"excerpt":{"rendered":"<p>CALPALANMAK : \u00c7alkalanmak CAMI\u015e CAMIZ:Dombay CAMP\u0130L: Ampul. CANAFAR: Kurt. CARCUR-CIRCIR :.Fermuar. CARI: Canl\u0131,becerikli,eli \u00e7abuk CAZI:Surats\u0131z,ge\u00e7imsiz.Cad\u0131 CED\u0130T:\u00a0 Yeni. CEHT:\u00a0\u00a0 Kararl\u0131 olma,azim. CELLEK: At\u0131lgan CEMEK: Saban temizleyen de\u011fnek CILBAK- CIBIL : Yoksul.Z\u00fc\u011f\u00fcrt. CICIHLI-CINGILLI: G\u00fczel.S\u00fcsl\u00fc. CIDA-BEZEK-DONAH: S\u00fcs. CILH-CILK: Bozulmu\u015f yumurta. CILBANMAK:\u00a0 Soyunmak. CILGISIZ: Terbiyesiz, CILLIMAK: Oyun bozanl\u0131k CIMCILIK-SURSUCUK: S\u0131r\u0131ls\u0131klam. CINCIK G\u0130B\u0130 : P\u0131r\u0131l p\u0131r\u0131l,tertemiz. CINGILLI-CICIKLI: S\u00fcsl\u00fc CINIBIZ-C\u0130N\u0130V\u0130Z:\u00c7elimsiz a\u00e7\u0131kkg\u00f6z <a class=\"read-more\" href=\"https:\/\/sarikavakkoyu.com\/?page_id=334\">Read More<\/a><\/p>\n","protected":false},"author":1,"featured_media":0,"parent":0,"menu_order":0,"comment_status":"closed","ping_status":"closed","template":"","meta":{"footnotes":""},"class_list":["post-334","page","type-page","status-publish","hentry"],"_links":{"self":[{"href":"https:\/\/sarikavakkoyu.com\/index.php?rest_route=\/wp\/v2\/pages\/334","targetHints":{"allow":["GET"]}}],"collection":[{"href":"https:\/\/sarikavakkoyu.com\/index.php?rest_route=\/wp\/v2\/pages"}],"about":[{"href":"https:\/\/sarikavakkoyu.com\/index.php?rest_route=\/wp\/v2\/types\/page"}],"author":[{"embeddable":true,"href":"https:\/\/sarikavakkoyu.com\/index.php?rest_route=\/wp\/v2\/users\/1"}],"replies":[{"embeddable":true,"href":"https:\/\/sarikavakkoyu.com\/index.php?rest_route=%2Fwp%2Fv2%2Fcomments&post=334"}],"version-history":[{"count":4,"href":"https:\/\/sarikavakkoyu.com\/index.php?rest_route=\/wp\/v2\/pages\/334\/revisions"}],"predecessor-version":[{"id":837,"href":"https:\/\/sarikavakkoyu.com\/index.php?rest_route=\/wp\/v2\/pages\/334\/revisions\/837"}],"wp:attachment":[{"href":"https:\/\/sarikavakkoyu.com\/index.php?rest_route=%2Fwp%2Fv2%2Fmedia&parent=334"}],"curies":[{"name":"wp","href":"https:\/\/api.w.org\/{rel}","templated":true}]}}